{"id":2,"date":"2026-04-17T17:11:38","date_gmt":"2026-04-17T17:11:38","guid":{"rendered":"https:\/\/torulyek.com\/?page_id=2"},"modified":"2026-04-17T19:07:40","modified_gmt":"2026-04-17T19:07:40","slug":"leader","status":"publish","type":"page","link":"https:\/\/torulyek.com\/?page_id=2","title":{"rendered":"Leader"},"content":{"rendered":"\n<figure class=\"wp-block-image size-full\"><img fetchpriority=\"high\" decoding=\"async\" width=\"937\" height=\"633\" src=\"https:\/\/torulyek.com\/wp-content\/uploads\/2026\/04\/leader-yaklasimi-min.jpg\" alt=\"\" class=\"wp-image-380\" srcset=\"https:\/\/torulyek.com\/wp-content\/uploads\/2026\/04\/leader-yaklasimi-min.jpg 937w, https:\/\/torulyek.com\/wp-content\/uploads\/2026\/04\/leader-yaklasimi-min-300x203.jpg 300w, https:\/\/torulyek.com\/wp-content\/uploads\/2026\/04\/leader-yaklasimi-min-768x519.jpg 768w, https:\/\/torulyek.com\/wp-content\/uploads\/2026\/04\/leader-yaklasimi-min-150x100.jpg 150w\" sizes=\"(max-width: 937px) 100vw, 937px\" \/><\/figure>\n\n\n\n<h2 class=\"wp-block-heading\">Leader Yakla\u015f\u0131m\u0131<\/h2>\n\n\n\n<p>Yerel Kalk\u0131nma Stratejilerinin Uygulanmas\u0131-LEADER Yakla\u015f\u0131m\u0131 IPARD Program\u0131nda yer alan tedbirlerden birisidir. Tedbir hen\u00fcz Avrupa Komisyonu taraf\u0131ndan akredite edilmedi\u011fi i\u00e7in tam olarak uygulanamamakta fakat akreditasyon ve uygulamaya y\u00f6nelik kapasite olu\u015fturma \u00e7al\u0131\u015fmalar\u0131 IPARD uygulama illerinde kademeli olarak y\u00fcr\u00fct\u00fclmektedir<\/p>\n\n\n\n<p>LEADER yakla\u015f\u0131m\u0131n\u0131n \u00f6\u011frenilmesini sa\u011flamak, potansiyel yerel eylem gruplar\u0131n\u0131n kurulmas\u0131n\u0131 ve yerel seviyede kalk\u0131nma stratejilerinin haz\u0131rlanmas\u0131n\u0131 te\u015fvik etmek ve tedbirin uygulamaya haz\u0131r olmak i\u00e7in kapasite geli\u015ftirme aktiviteleri 2015 y\u0131l\u0131ndan itibaren uygulanmaya ba\u015flanm\u0131\u015ft\u0131r.<\/p>\n\n\n\n<p>LEADER yakla\u015f\u0131m\u0131, k\u0131rsal alanlar i\u00e7in s\u00fcrd\u00fcr\u00fclebilir kalk\u0131nma stratejilerinin haz\u0131rlanmas\u0131 ve uygulanmas\u0131nda yerel kat\u0131l\u0131m ve ortakl\u0131\u011f\u0131 te\u015fvik etmek sureti ile k\u0131rsal politikalar\u0131 geli\u015ftirmek i\u00e7in \u00e7ok de\u011ferli bir kaynakt\u0131r. Bu yakla\u015f\u0131m, \u201cYerel K\u0131rsal Kalk\u0131nma Stratejilerinin Haz\u0131rlanmas\u0131 ve Uygulanmas\u0131\u201d tedbiri kapsam\u0131nda Avrupa Birli\u011fi Ortak Tar\u0131m Politikas\u0131 ve K\u0131rsal Kalk\u0131nma Politikas\u0131n\u0131n uygulanmas\u0131 i\u00e7in 2007-2013 T\u00fcrkiye Program\u0131na dahil edilmi\u015ftir. Y\u00f6netim Otoritesi, LEADER tedbiri i\u00e7in ger\u00e7ekle\u015ftirilen haz\u0131rl\u0131k \u00e7al\u0131\u015fmalar\u0131 dikkate al\u0131narak 2 Kas\u0131m 2010 ve 12 May\u0131s 2011 tarihleri aras\u0131nda \u201cIPARD Kapsam\u0131nda LEADER Tedbirinin Uygulanmas\u0131n\u0131n Desteklenmesi I\u00e7in E\u015fle\u015ftirme Projesi\u201d ger\u00e7ekle\u015ftirmi\u015ftir. Proje yerel kalk\u0131nma stratejilerinin haz\u0131rlanmas\u0131 ve uygulanmas\u0131 i\u00e7in Y\u00f6netim Otoritesi ve TKDK\u2019nun kapasitesini geli\u015ftirmi\u015ftir. Uygulama i\u00e7in teknik ve yasal altyap\u0131 olu\u015fturulmu\u015ftur. Bu kapsamda potansiyel yerel eylem gruplar\u0131 olu\u015fturulmu\u015f ve pilot yerel eylem gruplar\u0131 se\u00e7ilmi\u015ftir. Yerel kalk\u0131nma stratejisinin (YKS) \u00f6ncelikleri belirlenmi\u015ftir. LEADER yakla\u015f\u0131m\u0131 ayr\u0131ca T\u00fcrkiye\u2019nin taslak Ulusal K\u0131rsal Kalk\u0131nma Stratejisinde 5. \u00d6ncelik Ekseni kapsam\u0131na dahil edilmi\u015ftir. \u0130l\u00e7e d\u00fczeyinde y\u00f6neti\u015fim yap\u0131lar\u0131 olu\u015fturarak yerel kalk\u0131nma kapasitelerinin geli\u015ftirilmesi, hizmetleri iyile\u015ftirmek i\u00e7in yeni y\u00f6ntemlerin geli\u015ftirilmesi bu strateji belgesinin kapsam\u0131 dahilindedir.<\/p>\n\n\n\n<p>AB \u00fclkelerindeki deneyimler g\u00f6stermektedir ki, LEADER yakla\u015f\u0131m\u0131 k\u0131rsal kesimde ya\u015fayan insanlar\u0131n ya\u015famlar\u0131na \u00f6nemli de\u011fi\u015fiklikler getirmektedir. Bu yakla\u015f\u0131m, k\u0131rsal sorunlar i\u00e7in yenilik\u00e7i \u00e7\u00f6z\u00fcmler \u00fcretilmesini te\u015fvik etmekte ve yerel topluluklar\u0131n ihtiya\u00e7lar\u0131n\u0131 kar\u015f\u0131lamak i\u00e7in \u00f6nemli bir g\u00f6rev \u00fcstlenmektedir.<\/p>\n\n\n\n<p>Bu yakla\u015f\u0131m, yerel akt\u00f6rlerin kendi yerel b\u00f6lgelerinde uygulanacak projeler ve ger\u00e7ekle\u015ftirilecek strateji ile ilgili olarak karar alma s\u00fcre\u00e7lerine kat\u0131lmalar\u0131 anlam\u0131na gelmektedir. Bu \u00e7er\u00e7evede; kamu, \u00f6zel sekt\u00f6r ve sivil toplum kurulu\u015flar\u0131n\u0131n temsilcilerinin bir araya gelmesiyle, yerel eylem grubu (YEG) olarak adland\u0131r\u0131lan ortakl\u0131klar\u0131n kurulmas\u0131 te\u015fvik edilmektedir.<\/p>\n\n\n\n<p>Kamu \u00f6zel ortakl\u0131\u011f\u0131 ve YKS\u2019nin uygulanmas\u0131 b\u00f6lgesel uyumu g\u00fc\u00e7lendirebilmekte ve bir b\u00f6lgenin uzun d\u00f6nemli s\u00fcrd\u00fcr\u00fclebilir kalk\u0131nmas\u0131na katk\u0131da bulunabilmektedir.<\/p>\n\n\n\n<p>Bu tedbirin amac\u0131; ya\u015fam ko\u015fullar\u0131n\u0131n iyile\u015ftirilmesi, sivil toplumun geli\u015ftirilmesi, iyi y\u00f6neti\u015fimin kolayla\u015ft\u0131r\u0131lmas\u0131, istihdam\u0131n desteklenmesi, insan kaynaklar\u0131n\u0131n geli\u015ftirilmesi ve yerel toplumun k\u0131rsal kalk\u0131nma s\u00fcrecine kat\u0131l\u0131m\u0131n\u0131 sa\u011flayarak k\u0131rsal alanda ya\u015fayanlar\u0131n memnuniyetinin art\u0131r\u0131lmas\u0131d\u0131r.<\/p>\n","protected":false},"excerpt":{"rendered":"<p>Leader Yakla\u015f\u0131m\u0131 Yerel Kalk\u0131nma Stratejilerinin Uygulanmas\u0131-LEADER Yakla\u015f\u0131m\u0131 IPARD Program\u0131nda yer alan tedbirlerden birisidir. Tedbir hen\u00fcz Avrupa Komisyonu taraf\u0131ndan akredite edilmedi\u011fi i\u00e7in tam olarak uygulanamamakta fakat akreditasyon ve uygulamaya y\u00f6nelik kapasite olu\u015fturma \u00e7al\u0131\u015fmalar\u0131 IPARD uygulama illerinde kademeli olarak y\u00fcr\u00fct\u00fclmektedir LEADER yakla\u015f\u0131m\u0131n\u0131n \u00f6\u011frenilmesini sa\u011flamak, potansiyel yerel eylem gruplar\u0131n\u0131n kurulmas\u0131n\u0131 ve yerel seviyede kalk\u0131nma stratejilerinin haz\u0131rlanmas\u0131n\u0131 te\u015fvik etmek<\/p>\n","protected":false},"author":1,"featured_media":0,"parent":0,"menu_order":0,"comment_status":"closed","ping_status":"closed","template":"","meta":{"footnotes":""},"class_list":["post-2","page","type-page","status-publish","hentry"],"_links":{"self":[{"href":"https:\/\/torulyek.com\/index.php?rest_route=\/wp\/v2\/pages\/2","targetHints":{"allow":["GET"]}}],"collection":[{"href":"https:\/\/torulyek.com\/index.php?rest_route=\/wp\/v2\/pages"}],"about":[{"href":"https:\/\/torulyek.com\/index.php?rest_route=\/wp\/v2\/types\/page"}],"author":[{"embeddable":true,"href":"https:\/\/torulyek.com\/index.php?rest_route=\/wp\/v2\/users\/1"}],"replies":[{"embeddable":true,"href":"https:\/\/torulyek.com\/index.php?rest_route=%2Fwp%2Fv2%2Fcomments&post=2"}],"version-history":[{"count":2,"href":"https:\/\/torulyek.com\/index.php?rest_route=\/wp\/v2\/pages\/2\/revisions"}],"predecessor-version":[{"id":382,"href":"https:\/\/torulyek.com\/index.php?rest_route=\/wp\/v2\/pages\/2\/revisions\/382"}],"wp:attachment":[{"href":"https:\/\/torulyek.com\/index.php?rest_route=%2Fwp%2Fv2%2Fmedia&parent=2"}],"curies":[{"name":"wp","href":"https:\/\/api.w.org\/{rel}","templated":true}]}}